{"id":4664,"date":"2026-04-18T21:24:39","date_gmt":"2026-04-18T21:24:39","guid":{"rendered":"https:\/\/emilidy.com\/?page_id=4664"},"modified":"2026-04-18T21:24:40","modified_gmt":"2026-04-18T21:24:40","slug":"aviso-legal","status":"publish","type":"page","link":"https:\/\/emilidy.com\/en\/aviso-legal\/","title":{"rendered":"AVISO LEGAL"},"content":{"rendered":"<p>\u00daltima actualizaci\u00f3n: 18 de abril de 2026<\/p>\n\n\n\n<p><strong>1. Datos identificativos del titular<\/strong><\/p>\n\n\n\n<p>En cumplimiento del art\u00edculo 10 de la Ley 34\/2002, de 11 de julio, de Servicios de la Sociedad de la Informaci\u00f3n y de Comercio Electr\u00f3nico (LSSI-CE), se ponen a disposici\u00f3n del usuario los siguientes datos identificativos:<\/p>\n\n\n\n<p>Denominaci\u00f3n social: Emilidy PerVac SL<\/p>\n\n\n\n<p>NIF: B26826933<\/p>\n\n\n\n<p>Domicilio social: Carrer de M\u00e8xic, 9, 08860 Castelldefels (Barcelona)<\/p>\n\n\n\n<p>Correo electr\u00f3nico: info@emilidy.com<\/p>\n\n\n\n<p>Sitio web: www.emilidy.com<\/p>\n\n\n\n<p><strong>2. Objeto y \u00e1mbito de aplicaci\u00f3n<\/strong><\/p>\n\n\n\n<p>El presente Aviso Legal regula el acceso y el uso del sitio web www.emilidy.com (en adelante, el \u00abSitio Web\u00bb), propiedad de Emilidy PerVac SL. El acceso y uso del Sitio Web implica la plena aceptaci\u00f3n de este Aviso Legal.<\/p>\n\n\n\n<p><strong>3. Condiciones de uso<\/strong><\/p>\n\n\n\n<p>El usuario se compromete a utilizar el Sitio Web de conformidad con la ley, la moral y el orden p\u00fablico, absteni\u00e9ndose de utilizarlo con fines il\u00edcitos o que puedan resultar lesivos para terceros. Emilidy PerVac SL se reserva el derecho a modificar, suspender o interrumpir el acceso al Sitio Web sin previo aviso.<\/p>\n\n\n\n<p><strong>4. Propiedad intelectual e industrial<\/strong><\/p>\n\n\n\n<p>Todos los contenidos del Sitio Web \u2014incluyendo textos, im\u00e1genes, logotipos, gr\u00e1ficos, dise\u00f1o, software y cualquier otro elemento\u2014 son propiedad de Emilidy PerVac SL o cuenta con las licencias pertinentes para su uso. Queda prohibida su reproducci\u00f3n, distribuci\u00f3n, comunicaci\u00f3n p\u00fablica o transformaci\u00f3n sin autorizaci\u00f3n expresa.<\/p>\n\n\n\n<p><strong>5. Responsabilidad<\/strong><\/p>\n\n\n\n<p>Emilidy PerVac SL no se hace responsable de los da\u00f1os derivados del uso del Sitio Web, de la presencia de virus u otros elementos lesivos en los contenidos, ni de la informaci\u00f3n o contenidos de terceros a los que el Sitio Web pudiera enlazar.<\/p>\n\n\n\n<p><strong>6. Legislaci\u00f3n aplicable y jurisdicci\u00f3n<\/strong><\/p>\n\n\n\n<p>Este Aviso Legal se rige por la legislaci\u00f3n espa\u00f1ola vigente. Para la resoluci\u00f3n de cualquier controversia, las partes se someten, con renuncia a cualquier otro fuero, a los Juzgados y Tribunales de Barcelona.<\/p>","protected":false},"excerpt":{"rendered":"<p>\u00daltima actualizaci\u00f3n: 18 de abril de 2026 1. Datos identificativos del titular En cumplimiento del art\u00edculo 10 de la Ley 34\/2002, de 11 de julio, de Servicios de la Sociedad de la Informaci\u00f3n y de Comercio Electr\u00f3nico (LSSI-CE), se ponen a disposici\u00f3n del usuario los siguientes datos identificativos: Denominaci\u00f3n social: Emilidy PerVac SL NIF: B26826933 [&hellip;]<\/p>\n","protected":false},"author":1,"featured_media":0,"parent":0,"menu_order":0,"comment_status":"closed","ping_status":"closed","template":"","meta":{"footnotes":""},"class_list":["post-4664","page","type-page","status-publish","hentry"],"_hostinger_reach_plugin_has_subscription_block":false,"_hostinger_reach_plugin_is_elementor":false,"_links":{"self":[{"href":"https:\/\/emilidy.com\/en\/wp-json\/wp\/v2\/pages\/4664","targetHints":{"allow":["GET"]}}],"collection":[{"href":"https:\/\/emilidy.com\/en\/wp-json\/wp\/v2\/pages"}],"about":[{"href":"https:\/\/emilidy.com\/en\/wp-json\/wp\/v2\/types\/page"}],"author":[{"embeddable":true,"href":"https:\/\/emilidy.com\/en\/wp-json\/wp\/v2\/users\/1"}],"replies":[{"embeddable":true,"href":"https:\/\/emilidy.com\/en\/wp-json\/wp\/v2\/comments?post=4664"}],"version-history":[{"count":1,"href":"https:\/\/emilidy.com\/en\/wp-json\/wp\/v2\/pages\/4664\/revisions"}],"predecessor-version":[{"id":4665,"href":"https:\/\/emilidy.com\/en\/wp-json\/wp\/v2\/pages\/4664\/revisions\/4665"}],"wp:attachment":[{"href":"https:\/\/emilidy.com\/en\/wp-json\/wp\/v2\/media?parent=4664"}],"curies":[{"name":"wp","href":"https:\/\/api.w.org\/{rel}","templated":true}]}}